{"id":4233,"date":"2022-01-27T00:54:46","date_gmt":"2022-01-27T03:54:46","guid":{"rendered":"https:\/\/vandermiawaki.com.br\/vm\/?page_id=4233"},"modified":"2025-07-08T01:19:16","modified_gmt":"2025-07-08T04:19:16","slug":"apostila-de-violao","status":"publish","type":"page","link":"https:\/\/vandermiawaki.com.br\/vm\/apostila-de-violao\/","title":{"rendered":"APOSTILA DE VIOLAO"},"content":{"rendered":"<p><div class=\"fusion-fullwidth fullwidth-box fusion-builder-row-1 fusion-flex-container nonhundred-percent-fullwidth non-hundred-percent-height-scrolling\" style=\"--link_hover_color: var(--awb-color2);--link_color: var(--awb-color2);--awb-border-sizes-top:0px;--awb-border-sizes-bottom:0px;--awb-border-sizes-left:0px;--awb-border-sizes-right:0px;--awb-border-color:var(--awb-color6);--awb-border-radius-top-left:0px;--awb-border-radius-top-right:0px;--awb-border-radius-bottom-right:0px;--awb-border-radius-bottom-left:0px;--awb-padding-top:90px;--awb-padding-right:30px;--awb-padding-bottom:90px;--awb-padding-left:30px;--awb-padding-top-small:80px;--awb-padding-bottom-small:80px;--awb-margin-top:0px;--awb-margin-bottom:0px;--awb-background-color:var(--awb-color8);--awb-flex-wrap:wrap;\" ><div class=\"fusion-builder-row fusion-row fusion-flex-align-items-flex-start fusion-flex-justify-content-center fusion-flex-content-wrap\" style=\"max-width:calc( 1200px + 100px );margin-left: calc(-100px \/ 2 );margin-right: calc(-100px \/ 2 );\"><div class=\"fusion-layout-column fusion_builder_column fusion-builder-column-0 fusion_builder_column_1_2 1_2 fusion-flex-column fusion-animated\" style=\"--awb-bg-size:cover;--awb-width-large:50%;--awb-margin-top-large:0px;--awb-spacing-right-large:calc( 0.04 * calc( 100% - 100px ) );--awb-margin-bottom-large:0px;--awb-spacing-left-large:50px;--awb-width-medium:50%;--awb-order-medium:0;--awb-spacing-right-medium:calc( 0.04 * calc( 100% - 100px ) );--awb-spacing-left-medium:50px;--awb-width-small:100%;--awb-order-small:0;--awb-spacing-right-small:50px;--awb-margin-bottom-small:0px;--awb-spacing-left-small:50px;\" data-animationType=\"fadeInUp\" data-animationDuration=\"1.3\" data-animationOffset=\"top-into-view\"><div class=\"fusion-column-wrapper fusion-column-has-shadow fusion-flex-justify-content-flex-start fusion-content-layout-column\"><div class=\"fusion-title title fusion-title-1 fusion-sep-none fusion-title-text fusion-title-size-one\" style=\"--awb-text-color:var(--awb-color1);--awb-margin-top:0px;--awb-margin-bottom:40px;--awb-margin-bottom-small:50px;--awb-sep-color:var(--awb-color6);--awb-font-size:30px;\"><h1 class=\"fusion-title-heading title-heading-left\" style=\"margin:0;font-size:1em;\">Aprenda os primeiros passos fundamentais para tocar viol\u00e3o<\/h1><\/div><div class=\"fusion-text fusion-text-1 fusion-text-no-margin\" style=\"--awb-font-size:var(--awb-typography4-font-size);--awb-line-height:var(--awb-typography4-line-height);--awb-letter-spacing:var(--awb-typography4-letter-spacing);--awb-text-transform:var(--awb-typography4-text-transform);--awb-text-color:var(--awb-color1);--awb-text-font-family:var(--awb-typography4-font-family);--awb-text-font-weight:var(--awb-typography4-font-weight);--awb-text-font-style:var(--awb-typography4-font-style);\"><p>Esta \u00e9 uma apostila com os primeiros passos para voc\u00ea aprender viol\u00e3o<\/p>\n<\/div><div style=\"text-align:center;\"><a class=\"fusion-button button-flat button-large button-custom fusion-button-default button-1 fusion-button-default-span fusion-button-default-type fusion-has-button-gradient\" style=\"--button_accent_color:var(--awb-color1);--button_accent_hover_color:var(--awb-color1);--button_border_hover_color:var(--awb-color1);--button_gradient_top_color:#8600c9;--button_gradient_bottom_color:#8000b7;--button_gradient_top_color_hover:hsla(var(--awb-color5-h),calc(var(--awb-color5-s) - 5%),calc(var(--awb-color5-l) - 10%),var(--awb-color5-a));--button_gradient_bottom_color_hover:hsla(var(--awb-color5-h),calc(var(--awb-color5-s) - 5%),calc(var(--awb-color5-l) - 10%),var(--awb-color5-a));--button_margin-top:50px;--button_margin-bottom:50px;\" target=\"_self\" href=\"https:\/\/pay.hotmart.com\/H75939184B?checkoutMode=10\"><span class=\"fusion-button-text awb-button__text awb-button__text--default\">QUERO COMPRAR A APOSTILA<\/span><\/a><\/div><\/div><\/div><div class=\"fusion-layout-column fusion_builder_column fusion-builder-column-1 fusion_builder_column_1_2 1_2 fusion-flex-column fusion-animated\" style=\"--awb-bg-size:cover;--awb-width-large:50%;--awb-margin-top-large:0px;--awb-spacing-right-large:50px;--awb-margin-bottom-large:0px;--awb-spacing-left-large:calc( 0.04 * calc( 100% - 100px ) );--awb-width-medium:50%;--awb-order-medium:0;--awb-spacing-right-medium:50px;--awb-spacing-left-medium:calc( 0.04 * calc( 100% - 100px ) );--awb-width-small:100%;--awb-order-small:0;--awb-spacing-right-small:50px;--awb-margin-bottom-small:20px;--awb-spacing-left-small:50px;\" data-animationType=\"fadeInUp\" data-animationDuration=\"1.3\" data-animationOffset=\"top-into-view\"><div class=\"fusion-column-wrapper fusion-column-has-shadow fusion-flex-justify-content-flex-start fusion-content-layout-column\"><div class=\"fusion-image-element \" style=\"text-align:center;--awb-caption-title-font-family:var(--h2_typography-font-family);--awb-caption-title-font-weight:var(--h2_typography-font-weight);--awb-caption-title-font-style:var(--h2_typography-font-style);--awb-caption-title-size:var(--h2_typography-font-size);--awb-caption-title-transform:var(--h2_typography-text-transform);--awb-caption-title-line-height:var(--h2_typography-line-height);--awb-caption-title-letter-spacing:var(--h2_typography-letter-spacing);\"><span class=\" fusion-imageframe imageframe-none imageframe-1 hover-type-none\"><img decoding=\"async\" width=\"512\" height=\"800\" src=\"data:image\/svg+xml,%3Csvg%20xmlns%3D%27http%3A%2F%2Fwww.w3.org%2F2000%2Fsvg%27%20width%3D%27512%27%20height%3D%27800%27%20viewBox%3D%270%200%20512%20800%27%3E%3Crect%20width%3D%27512%27%20height%3D%27800%27%20fill-opacity%3D%220%22%2F%3E%3C%2Fsvg%3E\" data-orig-src=\"https:\/\/vandermiawaki.com.br\/vm\/wp-content\/uploads\/2022\/01\/CAPA-GUIA-DE-INICIAC\u0327A\u0303O-NO-VIOLA\u0303O.png\" alt class=\"lazyload img-responsive wp-image-4345\"\/><\/span><\/div><\/div><\/div><\/div><\/div><div class=\"fusion-fullwidth fullwidth-box fusion-builder-row-2 fusion-flex-container has-pattern-background has-mask-background nonhundred-percent-fullwidth non-hundred-percent-height-scrolling\" style=\"--link_hover_color: var(--awb-color2);--link_color: var(--awb-color2);--awb-border-sizes-top:0px;--awb-border-sizes-bottom:0px;--awb-border-sizes-left:0px;--awb-border-sizes-right:0px;--awb-border-color:var(--awb-color6);--awb-border-radius-top-left:0px;--awb-border-radius-top-right:0px;--awb-border-radius-bottom-right:0px;--awb-border-radius-bottom-left:0px;--awb-padding-top:30px;--awb-padding-right:30px;--awb-padding-bottom:30px;--awb-padding-left:30px;--awb-padding-top-small:80px;--awb-padding-bottom-small:80px;--awb-margin-top:0px;--awb-margin-bottom:0px;--awb-background-color:var(--awb-color1);--awb-flex-wrap:wrap;\" ><div class=\"fusion-builder-row fusion-row fusion-flex-align-items-flex-start fusion-flex-justify-content-center fusion-flex-content-wrap\" style=\"max-width:calc( 1200px + 100px );margin-left: calc(-100px \/ 2 );margin-right: calc(-100px \/ 2 );\"><div class=\"fusion-layout-column fusion_builder_column fusion-builder-column-2 fusion_builder_column_1_3 1_3 fusion-flex-column fusion-animated\" style=\"--awb-bg-size:cover;--awb-width-large:33.333333333333%;--awb-margin-top-large:0px;--awb-spacing-right-large:calc( 0.06 * calc( 100% - 100px ) );--awb-margin-bottom-large:0px;--awb-spacing-left-large:50px;--awb-width-medium:50%;--awb-order-medium:0;--awb-spacing-right-medium:calc( 0.04 * calc( 100% - 100px ) );--awb-spacing-left-medium:50px;--awb-width-small:100%;--awb-order-small:0;--awb-spacing-right-small:50px;--awb-margin-bottom-small:0px;--awb-spacing-left-small:50px;\" data-animationType=\"fadeInUp\" data-animationDuration=\"1.3\" data-animationOffset=\"top-into-view\"><div class=\"fusion-column-wrapper fusion-column-has-shadow fusion-flex-justify-content-flex-start fusion-content-layout-column\"><div class=\"fusion-title title fusion-title-2 fusion-sep-none fusion-title-text fusion-title-size-one\" style=\"--awb-text-color:var(--awb-color8);--awb-margin-top:0px;--awb-margin-bottom:40px;--awb-margin-bottom-small:50px;--awb-sep-color:var(--awb-color6);--awb-font-size:28px;\"><h1 class=\"fusion-title-heading title-heading-left\" style=\"margin:0;font-size:1em;\">Conte\u00fado da Apostila<\/h1><\/div><div class=\"fusion-image-element \" style=\"text-align:center;--awb-max-width:300px;--awb-caption-title-font-family:var(--h2_typography-font-family);--awb-caption-title-font-weight:var(--h2_typography-font-weight);--awb-caption-title-font-style:var(--h2_typography-font-style);--awb-caption-title-size:var(--h2_typography-font-size);--awb-caption-title-transform:var(--h2_typography-text-transform);--awb-caption-title-line-height:var(--h2_typography-line-height);--awb-caption-title-letter-spacing:var(--h2_typography-letter-spacing);\"><span class=\" fusion-imageframe imageframe-none imageframe-2 hover-type-none\"><img decoding=\"async\" width=\"868\" height=\"1300\" src=\"https:\/\/vandermiawaki.com.br\/vm\/wp-content\/uploads\/2023\/09\/pexels-photo-7120421.jpeg\" data-orig-src=\"https:\/\/vandermiawaki.com.br\/vm\/wp-content\/uploads\/2023\/09\/pexels-photo-7120421.jpeg\" alt class=\"lazyload img-responsive wp-image-5981\" srcset=\"data:image\/svg+xml,%3Csvg%20xmlns%3D%27http%3A%2F%2Fwww.w3.org%2F2000%2Fsvg%27%20width%3D%27868%27%20height%3D%271300%27%20viewBox%3D%270%200%20868%201300%27%3E%3Crect%20width%3D%27868%27%20height%3D%271300%27%20fill-opacity%3D%220%22%2F%3E%3C%2Fsvg%3E\" data-srcset=\"https:\/\/vandermiawaki.com.br\/vm\/wp-content\/uploads\/2023\/09\/pexels-photo-7120421-200x300.jpeg 200w, https:\/\/vandermiawaki.com.br\/vm\/wp-content\/uploads\/2023\/09\/pexels-photo-7120421.jpeg 868w\" data-sizes=\"auto\" data-orig-sizes=\"(max-width: 718px) 100vw, 868px\" \/><\/span><\/div><\/div><\/div><div class=\"fusion-layout-column fusion_builder_column fusion-builder-column-3 fusion_builder_column_2_3 2_3 fusion-flex-column fusion-animated\" style=\"--awb-bg-size:cover;--awb-width-large:66.666666666667%;--awb-margin-top-large:0px;--awb-spacing-right-large:50px;--awb-margin-bottom-large:0px;--awb-spacing-left-large:calc( 0.03 * calc( 100% - 100px ) );--awb-width-medium:50%;--awb-order-medium:0;--awb-spacing-right-medium:50px;--awb-spacing-left-medium:calc( 0.04 * calc( 100% - 100px ) );--awb-width-small:100%;--awb-order-small:0;--awb-spacing-right-small:50px;--awb-margin-bottom-small:20px;--awb-spacing-left-small:50px;\" data-animationType=\"fadeInUp\" data-animationDuration=\"1.3\" data-animationOffset=\"top-into-view\"><div class=\"fusion-column-wrapper fusion-column-has-shadow fusion-flex-justify-content-flex-start fusion-content-layout-column\"><div class=\"fusion-text fusion-text-2 fusion-text-no-margin\" style=\"--awb-font-size:var(--awb-typography4-font-size);--awb-line-height:var(--awb-typography4-line-height);--awb-letter-spacing:var(--awb-typography4-letter-spacing);--awb-text-transform:var(--awb-typography4-text-transform);--awb-text-color:var(--awb-color8);--awb-text-font-family:var(--awb-typography4-font-family);--awb-text-font-weight:var(--awb-typography4-font-weight);--awb-text-font-style:var(--awb-typography4-font-style);\"><ul>\n<li>Saiba como escolher o viol\u00e3o perfeito para voc\u00ea<\/li>\n<li>Explore os fundamentos e a teoria b\u00e1sica da m\u00fasica<\/li>\n<li>Memorize todas as notas no bra\u00e7o do seu viol\u00e3o<\/li>\n<li>Aprenda a afinar seu viol\u00e3o<\/li>\n<li>Decifre cifras e leia tablaturas com facilidade<\/li>\n<li>Domine uma variedade de acordes essenciais<\/li>\n<li>Aperfei\u00e7oe sua t\u00e9cnica de dedilhado e m\u00e3o esquerda<\/li>\n<li>Utilize o metr\u00f4nomo para aprimorar seu ritmo<\/li>\n<li>Acompanhe seu progresso com a planilha de treino personalizada<\/li>\n<\/ul>\n<p><strong>O que mais?<\/strong><\/p>\n<div class=\"wp-block-media-text__content\">\n<p>Dentro da apostila, voc\u00ea receber\u00e1 os links com V\u00eddeo Aulas o ajudar\u00e3o a visualizar e aplicar o que aprendeu de maneira pr\u00e1tica.<\/p>\n<\/div>\n<\/div><\/div><\/div><\/div><\/div><\/p>\n","protected":false},"excerpt":{"rendered":"","protected":false},"author":1,"featured_media":0,"parent":0,"menu_order":0,"comment_status":"closed","ping_status":"closed","template":"","meta":{"_acf_changed":false,"footnotes":""},"class_list":["post-4233","page","type-page","status-publish","hentry"],"acf":[],"yoast_head":"<!-- This site is optimized with the Yoast SEO plugin v27.2 - https:\/\/yoast.com\/product\/yoast-seo-wordpress\/ -->\n<title>APOSTILA DE VIOLAO - Vander Miawaki<\/title>\n<meta name=\"robots\" content=\"index, follow, max-snippet:-1, max-image-preview:large, max-video-preview:-1\" \/>\n<link rel=\"canonical\" href=\"https:\/\/vandermiawaki.com.br\/vm\/apostila-de-violao\/\" \/>\n<meta property=\"og:locale\" content=\"pt_BR\" \/>\n<meta property=\"og:type\" content=\"article\" \/>\n<meta property=\"og:title\" content=\"APOSTILA DE VIOLAO - Vander Miawaki\" \/>\n<meta property=\"og:url\" content=\"https:\/\/vandermiawaki.com.br\/vm\/apostila-de-violao\/\" \/>\n<meta property=\"og:site_name\" content=\"Vander Miawaki\" \/>\n<meta property=\"article:modified_time\" content=\"2025-07-08T04:19:16+00:00\" \/>\n<meta name=\"twitter:card\" content=\"summary_large_image\" \/>\n<meta name=\"twitter:label1\" content=\"Est. tempo de leitura\" \/>\n\t<meta name=\"twitter:data1\" content=\"3 minutos\" \/>\n<script type=\"application\/ld+json\" class=\"yoast-schema-graph\">{\"@context\":\"https:\/\/schema.org\",\"@graph\":[{\"@type\":\"WebPage\",\"@id\":\"https:\/\/vandermiawaki.com.br\/vm\/apostila-de-violao\/\",\"url\":\"https:\/\/vandermiawaki.com.br\/vm\/apostila-de-violao\/\",\"name\":\"APOSTILA DE VIOLAO - Vander Miawaki\",\"isPartOf\":{\"@id\":\"https:\/\/vandermiawaki.com.br\/vm\/#website\"},\"datePublished\":\"2022-01-27T03:54:46+00:00\",\"dateModified\":\"2025-07-08T04:19:16+00:00\",\"breadcrumb\":{\"@id\":\"https:\/\/vandermiawaki.com.br\/vm\/apostila-de-violao\/#breadcrumb\"},\"inLanguage\":\"pt-BR\",\"potentialAction\":[{\"@type\":\"ReadAction\",\"target\":[\"https:\/\/vandermiawaki.com.br\/vm\/apostila-de-violao\/\"]}]},{\"@type\":\"BreadcrumbList\",\"@id\":\"https:\/\/vandermiawaki.com.br\/vm\/apostila-de-violao\/#breadcrumb\",\"itemListElement\":[{\"@type\":\"ListItem\",\"position\":1,\"name\":\"In\u00edcio\",\"item\":\"https:\/\/vandermiawaki.com.br\/vm\/\"},{\"@type\":\"ListItem\",\"position\":2,\"name\":\"APOSTILA DE VIOLAO\"}]},{\"@type\":\"WebSite\",\"@id\":\"https:\/\/vandermiawaki.com.br\/vm\/#website\",\"url\":\"https:\/\/vandermiawaki.com.br\/vm\/\",\"name\":\"Vander Miawaki\",\"description\":\"\",\"publisher\":{\"@id\":\"https:\/\/vandermiawaki.com.br\/vm\/#\/schema\/person\/565169493c8cea02e86dffcfe492a080\"},\"potentialAction\":[{\"@type\":\"SearchAction\",\"target\":{\"@type\":\"EntryPoint\",\"urlTemplate\":\"https:\/\/vandermiawaki.com.br\/vm\/?s={search_term_string}\"},\"query-input\":{\"@type\":\"PropertyValueSpecification\",\"valueRequired\":true,\"valueName\":\"search_term_string\"}}],\"inLanguage\":\"pt-BR\"},{\"@type\":[\"Person\",\"Organization\"],\"@id\":\"https:\/\/vandermiawaki.com.br\/vm\/#\/schema\/person\/565169493c8cea02e86dffcfe492a080\",\"name\":\"Vander\",\"image\":{\"@type\":\"ImageObject\",\"inLanguage\":\"pt-BR\",\"@id\":\"https:\/\/secure.gravatar.com\/avatar\/f7613cead06e6a499b15dc4331a22963cd8f6509465dc630614db38c4a160460?s=96&d=mm&r=g\",\"url\":\"https:\/\/secure.gravatar.com\/avatar\/f7613cead06e6a499b15dc4331a22963cd8f6509465dc630614db38c4a160460?s=96&d=mm&r=g\",\"contentUrl\":\"https:\/\/secure.gravatar.com\/avatar\/f7613cead06e6a499b15dc4331a22963cd8f6509465dc630614db38c4a160460?s=96&d=mm&r=g\",\"caption\":\"Vander\"},\"logo\":{\"@id\":\"https:\/\/secure.gravatar.com\/avatar\/f7613cead06e6a499b15dc4331a22963cd8f6509465dc630614db38c4a160460?s=96&d=mm&r=g\"}}]}<\/script>\n<!-- \/ Yoast SEO plugin. -->","yoast_head_json":{"title":"APOSTILA DE VIOLAO - Vander Miawaki","robots":{"index":"index","follow":"follow","max-snippet":"max-snippet:-1","max-image-preview":"max-image-preview:large","max-video-preview":"max-video-preview:-1"},"canonical":"https:\/\/vandermiawaki.com.br\/vm\/apostila-de-violao\/","og_locale":"pt_BR","og_type":"article","og_title":"APOSTILA DE VIOLAO - Vander Miawaki","og_url":"https:\/\/vandermiawaki.com.br\/vm\/apostila-de-violao\/","og_site_name":"Vander Miawaki","article_modified_time":"2025-07-08T04:19:16+00:00","twitter_card":"summary_large_image","twitter_misc":{"Est. tempo de leitura":"3 minutos"},"schema":{"@context":"https:\/\/schema.org","@graph":[{"@type":"WebPage","@id":"https:\/\/vandermiawaki.com.br\/vm\/apostila-de-violao\/","url":"https:\/\/vandermiawaki.com.br\/vm\/apostila-de-violao\/","name":"APOSTILA DE VIOLAO - Vander Miawaki","isPartOf":{"@id":"https:\/\/vandermiawaki.com.br\/vm\/#website"},"datePublished":"2022-01-27T03:54:46+00:00","dateModified":"2025-07-08T04:19:16+00:00","breadcrumb":{"@id":"https:\/\/vandermiawaki.com.br\/vm\/apostila-de-violao\/#breadcrumb"},"inLanguage":"pt-BR","potentialAction":[{"@type":"ReadAction","target":["https:\/\/vandermiawaki.com.br\/vm\/apostila-de-violao\/"]}]},{"@type":"BreadcrumbList","@id":"https:\/\/vandermiawaki.com.br\/vm\/apostila-de-violao\/#breadcrumb","itemListElement":[{"@type":"ListItem","position":1,"name":"In\u00edcio","item":"https:\/\/vandermiawaki.com.br\/vm\/"},{"@type":"ListItem","position":2,"name":"APOSTILA DE VIOLAO"}]},{"@type":"WebSite","@id":"https:\/\/vandermiawaki.com.br\/vm\/#website","url":"https:\/\/vandermiawaki.com.br\/vm\/","name":"Vander Miawaki","description":"","publisher":{"@id":"https:\/\/vandermiawaki.com.br\/vm\/#\/schema\/person\/565169493c8cea02e86dffcfe492a080"},"potentialAction":[{"@type":"SearchAction","target":{"@type":"EntryPoint","urlTemplate":"https:\/\/vandermiawaki.com.br\/vm\/?s={search_term_string}"},"query-input":{"@type":"PropertyValueSpecification","valueRequired":true,"valueName":"search_term_string"}}],"inLanguage":"pt-BR"},{"@type":["Person","Organization"],"@id":"https:\/\/vandermiawaki.com.br\/vm\/#\/schema\/person\/565169493c8cea02e86dffcfe492a080","name":"Vander","image":{"@type":"ImageObject","inLanguage":"pt-BR","@id":"https:\/\/secure.gravatar.com\/avatar\/f7613cead06e6a499b15dc4331a22963cd8f6509465dc630614db38c4a160460?s=96&d=mm&r=g","url":"https:\/\/secure.gravatar.com\/avatar\/f7613cead06e6a499b15dc4331a22963cd8f6509465dc630614db38c4a160460?s=96&d=mm&r=g","contentUrl":"https:\/\/secure.gravatar.com\/avatar\/f7613cead06e6a499b15dc4331a22963cd8f6509465dc630614db38c4a160460?s=96&d=mm&r=g","caption":"Vander"},"logo":{"@id":"https:\/\/secure.gravatar.com\/avatar\/f7613cead06e6a499b15dc4331a22963cd8f6509465dc630614db38c4a160460?s=96&d=mm&r=g"}}]}},"jetpack_sharing_enabled":true,"_links":{"self":[{"href":"https:\/\/vandermiawaki.com.br\/vm\/wp-json\/wp\/v2\/pages\/4233","targetHints":{"allow":["GET"]}}],"collection":[{"href":"https:\/\/vandermiawaki.com.br\/vm\/wp-json\/wp\/v2\/pages"}],"about":[{"href":"https:\/\/vandermiawaki.com.br\/vm\/wp-json\/wp\/v2\/types\/page"}],"author":[{"embeddable":true,"href":"https:\/\/vandermiawaki.com.br\/vm\/wp-json\/wp\/v2\/users\/1"}],"replies":[{"embeddable":true,"href":"https:\/\/vandermiawaki.com.br\/vm\/wp-json\/wp\/v2\/comments?post=4233"}],"version-history":[{"count":51,"href":"https:\/\/vandermiawaki.com.br\/vm\/wp-json\/wp\/v2\/pages\/4233\/revisions"}],"predecessor-version":[{"id":8120,"href":"https:\/\/vandermiawaki.com.br\/vm\/wp-json\/wp\/v2\/pages\/4233\/revisions\/8120"}],"wp:attachment":[{"href":"https:\/\/vandermiawaki.com.br\/vm\/wp-json\/wp\/v2\/media?parent=4233"}],"curies":[{"name":"wp","href":"https:\/\/api.w.org\/{rel}","templated":true}]}}