{"id":3962,"date":"2022-01-18T16:28:03","date_gmt":"2022-01-18T19:28:03","guid":{"rendered":"https:\/\/vandermiawaki.com.br\/vm\/?page_id=3962"},"modified":"2025-07-06T20:32:36","modified_gmt":"2025-07-06T23:32:36","slug":"sobre","status":"publish","type":"page","link":"https:\/\/vandermiawaki.com.br\/vm\/sobre\/","title":{"rendered":"Sobre"},"content":{"rendered":"<div class=\"fusion-fullwidth fullwidth-box fusion-builder-row-1 fusion-flex-container has-pattern-background has-mask-background nonhundred-percent-fullwidth non-hundred-percent-height-scrolling\" style=\"--awb-border-radius-top-left:0px;--awb-border-radius-top-right:0px;--awb-border-radius-bottom-right:0px;--awb-border-radius-bottom-left:0px;--awb-padding-top:50px;--awb-padding-bottom:40px;--awb-padding-top-small:90px;--awb-padding-bottom-small:80px;--awb-flex-wrap:wrap;\" ><div class=\"fusion-builder-row fusion-row fusion-flex-align-items-flex-start fusion-flex-content-wrap\" style=\"max-width:1248px;margin-left: calc(-4% \/ 2 );margin-right: calc(-4% \/ 2 );\"><div class=\"fusion-layout-column fusion_builder_column fusion-builder-column-0 fusion_builder_column_2_3 2_3 fusion-flex-column fusion-flex-align-self-center fusion-animated\" style=\"--awb-bg-size:cover;--awb-width-large:66.666666666667%;--awb-margin-top-large:0px;--awb-spacing-right-large:14.4%;--awb-margin-bottom-large:0px;--awb-spacing-left-large:2.88%;--awb-width-medium:66.666666666667%;--awb-order-medium:0;--awb-spacing-right-medium:14.4%;--awb-spacing-left-medium:7.776%;--awb-width-small:100%;--awb-order-small:0;--awb-spacing-right-small:1.92%;--awb-margin-bottom-small:64px;--awb-spacing-left-small:1.92%;\" data-animationType=\"fadeInLeft\" data-animationDuration=\"1.3\" data-animationOffset=\"top-into-view\"><div class=\"fusion-column-wrapper fusion-column-has-shadow fusion-flex-justify-content-flex-start fusion-content-layout-column\"><div class=\"fusion-title title fusion-title-1 fusion-sep-none fusion-title-text fusion-title-size-three\"><h3 class=\"fusion-title-heading title-heading-left\" style=\"margin:0;letter-spacing:1px;text-transform:none;\">Quem \u00e9 Vander?<\/h3><\/div><div class=\"fusion-text fusion-text-1\" style=\"--awb-margin-right:15%;\"><p>Meu nome \u00e9 Vander, sou m\u00fasico desde 1992 e dou aulas de viol\u00e3o e guitarra desde 2002.<\/p>\n<p>J\u00e1 ajudei milhares de alunos a aprenderem a tocar viol\u00e3o e guitarra, sempre com um ensino que combina pr\u00e1tica e teoria de forma clara e aplic\u00e1vel.<\/p>\n<p>Al\u00e9m das aulas, tamb\u00e9m trabalho com composi\u00e7\u00e3o, grava\u00e7\u00e3o e produ\u00e7\u00e3o musical, tanto dos meus projetos quanto de outros artistas.\u2028Fa\u00e7o a parte de \u00e1udio, v\u00eddeo e tudo que envolve colocar a m\u00fasica no ar com qualidade.<\/p>\n<p>Meu objetivo \u00e9 tocar e ensinar m\u00fasica de um jeito direto, completo e que fa\u00e7a sentido na vida de quem aprende.<\/p>\n<\/div><\/div><\/div><div class=\"fusion-layout-column fusion_builder_column fusion-builder-column-1 fusion_builder_column_1_3 1_3 fusion-flex-column fusion-animated\" style=\"--awb-bg-size:cover;--awb-width-large:33.333333333333%;--awb-margin-top-large:0px;--awb-spacing-right-large:5.76%;--awb-margin-bottom-large:0px;--awb-spacing-left-large:5.76%;--awb-width-medium:33.333333333333%;--awb-order-medium:0;--awb-spacing-right-medium:5.76%;--awb-spacing-left-medium:5.76%;--awb-width-small:100%;--awb-order-small:0;--awb-spacing-right-small:1.92%;--awb-margin-bottom-small:50px;--awb-spacing-left-small:1.92%;\" data-animationType=\"fadeInRight\" data-animationDuration=\"1.3\" data-animationOffset=\"top-into-view\"><div class=\"fusion-column-wrapper fusion-column-has-shadow fusion-flex-justify-content-flex-start fusion-content-layout-column\"><div class=\"fusion-image-element \" style=\"--awb-aspect-ratio:9 \/ 16;--awb-object-position:43% 45%;--awb-caption-title-font-family:var(--h2_typography-font-family);--awb-caption-title-font-weight:var(--h2_typography-font-weight);--awb-caption-title-font-style:var(--h2_typography-font-style);--awb-caption-title-size:var(--h2_typography-font-size);--awb-caption-title-transform:var(--h2_typography-text-transform);--awb-caption-title-line-height:var(--h2_typography-line-height);--awb-caption-title-letter-spacing:var(--h2_typography-letter-spacing);\"><span class=\" fusion-imageframe imageframe-none imageframe-1 hover-type-none has-aspect-ratio\" style=\"border:2px solid var(--awb-color6);border-radius:15px;\"><img decoding=\"async\" width=\"500\" height=\"333\" title=\"aula-guitarra\" src=\"https:\/\/vandermiawaki.com.br\/vm\/wp-content\/uploads\/2026\/03\/aula-guitarra.jpg\" data-orig-src=\"https:\/\/vandermiawaki.com.br\/vm\/wp-content\/uploads\/2026\/03\/aula-guitarra.jpg\" class=\"lazyload img-responsive wp-image-8768 img-with-aspect-ratio\" data-parent-fit=\"cover\" data-parent-container=\".fusion-image-element\" alt srcset=\"data:image\/svg+xml,%3Csvg%20xmlns%3D%27http%3A%2F%2Fwww.w3.org%2F2000%2Fsvg%27%20width%3D%27500%27%20height%3D%27333%27%20viewBox%3D%270%200%20500%20333%27%3E%3Crect%20width%3D%27500%27%20height%3D%27333%27%20fill-opacity%3D%220%22%2F%3E%3C%2Fsvg%3E\" data-srcset=\"https:\/\/vandermiawaki.com.br\/vm\/wp-content\/uploads\/2026\/03\/aula-guitarra-200x133.jpg 200w, https:\/\/vandermiawaki.com.br\/vm\/wp-content\/uploads\/2026\/03\/aula-guitarra-400x266.jpg 400w, https:\/\/vandermiawaki.com.br\/vm\/wp-content\/uploads\/2026\/03\/aula-guitarra.jpg 500w\" data-sizes=\"auto\" data-orig-sizes=\"(max-width: 718px) 100vw, 400px\" \/><\/span><\/div><\/div><\/div><\/div><\/div>\n\n","protected":false},"excerpt":{"rendered":"","protected":false},"author":1,"featured_media":0,"parent":0,"menu_order":0,"comment_status":"closed","ping_status":"closed","template":"100-width.php","meta":{"_acf_changed":false,"footnotes":""},"class_list":["post-3962","page","type-page","status-publish","hentry"],"acf":[],"yoast_head":"<!-- This site is optimized with the Yoast SEO plugin v27.2 - https:\/\/yoast.com\/product\/yoast-seo-wordpress\/ -->\n<title>Sobre - Vander Miawaki<\/title>\n<meta name=\"robots\" content=\"index, follow, max-snippet:-1, max-image-preview:large, max-video-preview:-1\" \/>\n<link rel=\"canonical\" href=\"https:\/\/vandermiawaki.com.br\/vm\/sobre\/\" \/>\n<meta property=\"og:locale\" content=\"pt_BR\" \/>\n<meta property=\"og:type\" content=\"article\" \/>\n<meta property=\"og:title\" content=\"Sobre - Vander Miawaki\" \/>\n<meta property=\"og:url\" content=\"https:\/\/vandermiawaki.com.br\/vm\/sobre\/\" \/>\n<meta property=\"og:site_name\" content=\"Vander Miawaki\" \/>\n<meta property=\"article:modified_time\" content=\"2025-07-06T23:32:36+00:00\" \/>\n<meta name=\"twitter:card\" content=\"summary_large_image\" \/>\n<meta name=\"twitter:label1\" content=\"Est. tempo de leitura\" \/>\n\t<meta name=\"twitter:data1\" content=\"2 minutos\" \/>\n<script type=\"application\/ld+json\" class=\"yoast-schema-graph\">{\"@context\":\"https:\/\/schema.org\",\"@graph\":[{\"@type\":\"WebPage\",\"@id\":\"https:\/\/vandermiawaki.com.br\/vm\/sobre\/\",\"url\":\"https:\/\/vandermiawaki.com.br\/vm\/sobre\/\",\"name\":\"Sobre - Vander Miawaki\",\"isPartOf\":{\"@id\":\"https:\/\/vandermiawaki.com.br\/vm\/#website\"},\"datePublished\":\"2022-01-18T19:28:03+00:00\",\"dateModified\":\"2025-07-06T23:32:36+00:00\",\"breadcrumb\":{\"@id\":\"https:\/\/vandermiawaki.com.br\/vm\/sobre\/#breadcrumb\"},\"inLanguage\":\"pt-BR\",\"potentialAction\":[{\"@type\":\"ReadAction\",\"target\":[\"https:\/\/vandermiawaki.com.br\/vm\/sobre\/\"]}]},{\"@type\":\"BreadcrumbList\",\"@id\":\"https:\/\/vandermiawaki.com.br\/vm\/sobre\/#breadcrumb\",\"itemListElement\":[{\"@type\":\"ListItem\",\"position\":1,\"name\":\"In\u00edcio\",\"item\":\"https:\/\/vandermiawaki.com.br\/vm\/\"},{\"@type\":\"ListItem\",\"position\":2,\"name\":\"Sobre\"}]},{\"@type\":\"WebSite\",\"@id\":\"https:\/\/vandermiawaki.com.br\/vm\/#website\",\"url\":\"https:\/\/vandermiawaki.com.br\/vm\/\",\"name\":\"Vander Miawaki\",\"description\":\"\",\"publisher\":{\"@id\":\"https:\/\/vandermiawaki.com.br\/vm\/#\/schema\/person\/565169493c8cea02e86dffcfe492a080\"},\"potentialAction\":[{\"@type\":\"SearchAction\",\"target\":{\"@type\":\"EntryPoint\",\"urlTemplate\":\"https:\/\/vandermiawaki.com.br\/vm\/?s={search_term_string}\"},\"query-input\":{\"@type\":\"PropertyValueSpecification\",\"valueRequired\":true,\"valueName\":\"search_term_string\"}}],\"inLanguage\":\"pt-BR\"},{\"@type\":[\"Person\",\"Organization\"],\"@id\":\"https:\/\/vandermiawaki.com.br\/vm\/#\/schema\/person\/565169493c8cea02e86dffcfe492a080\",\"name\":\"Vander\",\"image\":{\"@type\":\"ImageObject\",\"inLanguage\":\"pt-BR\",\"@id\":\"https:\/\/secure.gravatar.com\/avatar\/f7613cead06e6a499b15dc4331a22963cd8f6509465dc630614db38c4a160460?s=96&d=mm&r=g\",\"url\":\"https:\/\/secure.gravatar.com\/avatar\/f7613cead06e6a499b15dc4331a22963cd8f6509465dc630614db38c4a160460?s=96&d=mm&r=g\",\"contentUrl\":\"https:\/\/secure.gravatar.com\/avatar\/f7613cead06e6a499b15dc4331a22963cd8f6509465dc630614db38c4a160460?s=96&d=mm&r=g\",\"caption\":\"Vander\"},\"logo\":{\"@id\":\"https:\/\/secure.gravatar.com\/avatar\/f7613cead06e6a499b15dc4331a22963cd8f6509465dc630614db38c4a160460?s=96&d=mm&r=g\"}}]}<\/script>\n<!-- \/ Yoast SEO plugin. -->","yoast_head_json":{"title":"Sobre - Vander Miawaki","robots":{"index":"index","follow":"follow","max-snippet":"max-snippet:-1","max-image-preview":"max-image-preview:large","max-video-preview":"max-video-preview:-1"},"canonical":"https:\/\/vandermiawaki.com.br\/vm\/sobre\/","og_locale":"pt_BR","og_type":"article","og_title":"Sobre - Vander Miawaki","og_url":"https:\/\/vandermiawaki.com.br\/vm\/sobre\/","og_site_name":"Vander Miawaki","article_modified_time":"2025-07-06T23:32:36+00:00","twitter_card":"summary_large_image","twitter_misc":{"Est. tempo de leitura":"2 minutos"},"schema":{"@context":"https:\/\/schema.org","@graph":[{"@type":"WebPage","@id":"https:\/\/vandermiawaki.com.br\/vm\/sobre\/","url":"https:\/\/vandermiawaki.com.br\/vm\/sobre\/","name":"Sobre - Vander Miawaki","isPartOf":{"@id":"https:\/\/vandermiawaki.com.br\/vm\/#website"},"datePublished":"2022-01-18T19:28:03+00:00","dateModified":"2025-07-06T23:32:36+00:00","breadcrumb":{"@id":"https:\/\/vandermiawaki.com.br\/vm\/sobre\/#breadcrumb"},"inLanguage":"pt-BR","potentialAction":[{"@type":"ReadAction","target":["https:\/\/vandermiawaki.com.br\/vm\/sobre\/"]}]},{"@type":"BreadcrumbList","@id":"https:\/\/vandermiawaki.com.br\/vm\/sobre\/#breadcrumb","itemListElement":[{"@type":"ListItem","position":1,"name":"In\u00edcio","item":"https:\/\/vandermiawaki.com.br\/vm\/"},{"@type":"ListItem","position":2,"name":"Sobre"}]},{"@type":"WebSite","@id":"https:\/\/vandermiawaki.com.br\/vm\/#website","url":"https:\/\/vandermiawaki.com.br\/vm\/","name":"Vander Miawaki","description":"","publisher":{"@id":"https:\/\/vandermiawaki.com.br\/vm\/#\/schema\/person\/565169493c8cea02e86dffcfe492a080"},"potentialAction":[{"@type":"SearchAction","target":{"@type":"EntryPoint","urlTemplate":"https:\/\/vandermiawaki.com.br\/vm\/?s={search_term_string}"},"query-input":{"@type":"PropertyValueSpecification","valueRequired":true,"valueName":"search_term_string"}}],"inLanguage":"pt-BR"},{"@type":["Person","Organization"],"@id":"https:\/\/vandermiawaki.com.br\/vm\/#\/schema\/person\/565169493c8cea02e86dffcfe492a080","name":"Vander","image":{"@type":"ImageObject","inLanguage":"pt-BR","@id":"https:\/\/secure.gravatar.com\/avatar\/f7613cead06e6a499b15dc4331a22963cd8f6509465dc630614db38c4a160460?s=96&d=mm&r=g","url":"https:\/\/secure.gravatar.com\/avatar\/f7613cead06e6a499b15dc4331a22963cd8f6509465dc630614db38c4a160460?s=96&d=mm&r=g","contentUrl":"https:\/\/secure.gravatar.com\/avatar\/f7613cead06e6a499b15dc4331a22963cd8f6509465dc630614db38c4a160460?s=96&d=mm&r=g","caption":"Vander"},"logo":{"@id":"https:\/\/secure.gravatar.com\/avatar\/f7613cead06e6a499b15dc4331a22963cd8f6509465dc630614db38c4a160460?s=96&d=mm&r=g"}}]}},"jetpack_sharing_enabled":true,"_links":{"self":[{"href":"https:\/\/vandermiawaki.com.br\/vm\/wp-json\/wp\/v2\/pages\/3962","targetHints":{"allow":["GET"]}}],"collection":[{"href":"https:\/\/vandermiawaki.com.br\/vm\/wp-json\/wp\/v2\/pages"}],"about":[{"href":"https:\/\/vandermiawaki.com.br\/vm\/wp-json\/wp\/v2\/types\/page"}],"author":[{"embeddable":true,"href":"https:\/\/vandermiawaki.com.br\/vm\/wp-json\/wp\/v2\/users\/1"}],"replies":[{"embeddable":true,"href":"https:\/\/vandermiawaki.com.br\/vm\/wp-json\/wp\/v2\/comments?post=3962"}],"version-history":[{"count":7,"href":"https:\/\/vandermiawaki.com.br\/vm\/wp-json\/wp\/v2\/pages\/3962\/revisions"}],"predecessor-version":[{"id":8020,"href":"https:\/\/vandermiawaki.com.br\/vm\/wp-json\/wp\/v2\/pages\/3962\/revisions\/8020"}],"wp:attachment":[{"href":"https:\/\/vandermiawaki.com.br\/vm\/wp-json\/wp\/v2\/media?parent=3962"}],"curies":[{"name":"wp","href":"https:\/\/api.w.org\/{rel}","templated":true}]}}